{"id":503,"date":"2025-04-03T13:36:39","date_gmt":"2025-04-03T13:36:39","guid":{"rendered":"https:\/\/mythosiabeauty.com\/informacion-legal\/"},"modified":"2026-04-01T11:49:13","modified_gmt":"2026-04-01T11:49:13","slug":"informacion-legal","status":"publish","type":"page","link":"https:\/\/mythosiabeauty.com\/es\/informacion-legal\/","title":{"rendered":"Informaci\u00f3n legal"},"content":{"rendered":"\t\t<div data-elementor-type=\"wp-page\" data-elementor-id=\"503\" class=\"elementor elementor-503 elementor-23\" data-elementor-post-type=\"page\">\n\t\t\t\t<div class=\"elementor-element elementor-element-1eceb18 e-flex e-con-boxed e-con e-parent\" data-id=\"1eceb18\" data-element_type=\"container\" data-settings=\"{&quot;background_background&quot;:&quot;classic&quot;}\">\n\t\t\t\t\t<div class=\"e-con-inner\">\n\t\t<div class=\"elementor-element elementor-element-a92a48c e-con-full e-flex e-con e-child\" data-id=\"a92a48c\" data-element_type=\"container\">\n\t\t\t\t<div class=\"elementor-element elementor-element-d9b0081 elementor-widget elementor-widget-heading\" data-id=\"d9b0081\" data-element_type=\"widget\" data-widget_type=\"heading.default\">\n\t\t\t\t<div class=\"elementor-widget-container\">\n\t\t\t\t\t<h2 class=\"elementor-heading-title elementor-size-default\">Informaci\u00f3n legal<\/h2>\t\t\t\t<\/div>\n\t\t\t\t<\/div>\n\t\t\t\t<\/div>\n\t\t\t\t\t<\/div>\n\t\t\t\t<\/div>\n\t\t<div class=\"elementor-element elementor-element-16b99c5 e-flex e-con-boxed e-con e-parent\" data-id=\"16b99c5\" data-element_type=\"container\">\n\t\t\t\t\t<div class=\"e-con-inner\">\n\t\t\t\t<div class=\"elementor-element elementor-element-a6037d3 elementor-widget elementor-widget-heading\" data-id=\"a6037d3\" data-element_type=\"widget\" data-widget_type=\"heading.default\">\n\t\t\t\t<div class=\"elementor-widget-container\">\n\t\t\t\t\t<h2 class=\"elementor-heading-title elementor-size-default\">1. Informaci\u00f3n legal<\/h2>\t\t\t\t<\/div>\n\t\t\t\t<\/div>\n\t\t\t\t<div class=\"elementor-element elementor-element-de3fd44 elementor-widget elementor-widget-text-editor\" data-id=\"de3fd44\" data-element_type=\"widget\" data-widget_type=\"text-editor.default\">\n\t\t\t\t<div class=\"elementor-widget-container\">\n\t\t\t\t\t\t\t\t\t<p>De conformidad con las disposiciones de los art\u00edculos 6-III y 19 de la Ley francesa sobre la confianza en la econom\u00eda digital, te informamos de que este sitio web est\u00e1 alojado en :<\/p><p>OVH SAS con un capital de 10.069.020 euros<\/p><p>RCS Lille M\u00e9tropole 424 761 419 00045<\/p><p>C\u00f3digo APE 2620Z<\/p><p>N\u00daMERO DE IVA: FR 22 424 761 419<\/p><p>Domicilio social: 2 rue Kellermann &#8211; 59100 Roubaix &#8211; Francia<\/p>\t\t\t\t\t\t\t\t<\/div>\n\t\t\t\t<\/div>\n\t\t\t\t<div class=\"elementor-element elementor-element-440e97c elementor-widget elementor-widget-heading\" data-id=\"440e97c\" data-element_type=\"widget\" data-widget_type=\"heading.default\">\n\t\t\t\t<div class=\"elementor-widget-container\">\n\t\t\t\t\t<h3 class=\"elementor-heading-title elementor-size-default\">2. Derechos de autor y propiedad intelectual<\/h3>\t\t\t\t<\/div>\n\t\t\t\t<\/div>\n\t\t\t\t<div class=\"elementor-element elementor-element-8d3c068 elementor-widget elementor-widget-text-editor\" data-id=\"8d3c068\" data-element_type=\"widget\" data-widget_type=\"text-editor.default\">\n\t\t\t\t<div class=\"elementor-widget-container\">\n\t\t\t\t\t\t\t\t\t<p>Todos los elementos de nuestro sitio est\u00e1n protegidos por las disposiciones del C\u00f3digo de la Propiedad Intelectual franc\u00e9s. En consecuencia, queda prohibida cualquier reproducci\u00f3n total o parcial de los mismos, as\u00ed como su imitaci\u00f3n, sin nuestro consentimiento expreso previo y por escrito. <\/p><p>Est\u00e1 estrictamente prohibido recopilar y utilizar la informaci\u00f3n disponible en el sitio con fines comerciales.<\/p><p>Esta prohibici\u00f3n incluye, entre otros, todos los elementos editoriales que aparecen en el sitio, la presentaci\u00f3n de pantallas, el software necesario para el funcionamiento, logotipos, im\u00e1genes, fotos y gr\u00e1ficos de cualquier tipo.<\/p>\t\t\t\t\t\t\t\t<\/div>\n\t\t\t\t<\/div>\n\t\t\t\t<div class=\"elementor-element elementor-element-d0a4235 elementor-widget elementor-widget-heading\" data-id=\"d0a4235\" data-element_type=\"widget\" data-widget_type=\"heading.default\">\n\t\t\t\t<div class=\"elementor-widget-container\">\n\t\t\t\t\t<h3 class=\"elementor-heading-title elementor-size-default\">3. Cookies\n<\/h3>\t\t\t\t<\/div>\n\t\t\t\t<\/div>\n\t\t\t\t<div class=\"elementor-element elementor-element-b830baa elementor-widget elementor-widget-text-editor\" data-id=\"b830baa\" data-element_type=\"widget\" data-widget_type=\"text-editor.default\">\n\t\t\t\t<div class=\"elementor-widget-container\">\n\t\t\t\t\t\t\t\t\t<p>Este sitio web utiliza cookies, y el servidor web recoge informaci\u00f3n sobre c\u00f3mo se utiliza nuestro sitio. La informaci\u00f3n recogida incluye, por ejemplo, la fecha y hora de las visitas, el n\u00famero de p\u00e1ginas vistas y el tiempo pasado en nuestro sitio. <\/p><p>La informaci\u00f3n recopilada no se utilizar\u00e1 para ning\u00fan otro fin y, en particular, no se utilizar\u00e1 con fines comerciales sin tu permiso.<\/p><p>Las cookies son peque\u00f1os archivos de texto que incluyen un identificador an\u00f3nimo. Cuando visitas un sitio web, el sitio pide permiso a tu ordenador para guardar este archivo en un directorio de tu disco duro dedicado a las cookies. Cada sitio puede guardar su propia cookie si la configuraci\u00f3n de tu navegador lo permite, pero para proteger tu privacidad, tu navegador s\u00f3lo permite que un sitio acceda a la cookie que ha guardado, y no a las cookies guardadas por otros sitios.  <\/p>\t\t\t\t\t\t\t\t<\/div>\n\t\t\t\t<\/div>\n\t\t\t\t\t<\/div>\n\t\t\t\t<\/div>\n\t\t\t\t<\/div>\n\t\t","protected":false},"excerpt":{"rendered":"<p>Informaci\u00f3n legal 1. Informaci\u00f3n legal De conformidad con las disposiciones de los art\u00edculos 6-III y 19 de la Ley francesa sobre la confianza en la econom\u00eda digital, te informamos de que este sitio web est\u00e1 alojado en : OVH SAS con un capital de 10.069.020 euros RCS Lille M\u00e9tropole 424 761 419 00045 C\u00f3digo APE [&hellip;]<\/p>\n","protected":false},"author":2,"featured_media":0,"parent":0,"menu_order":0,"comment_status":"closed","ping_status":"closed","template":"","meta":{"footnotes":""},"class_list":["post-503","page","type-page","status-publish","hentry"],"yoast_head":"<!-- This site is optimized with the Yoast SEO plugin v24.8.1 - https:\/\/yoast.com\/wordpress\/plugins\/seo\/ -->\n<title>Informaci\u00f3n legal - Mythosia Beauty.com<\/title>\n<meta name=\"robots\" content=\"noindex, nofollow\" \/>\n<meta property=\"og:locale\" content=\"es_ES\" \/>\n<meta property=\"og:type\" content=\"article\" \/>\n<meta property=\"og:title\" content=\"Informaci\u00f3n legal - Mythosia Beauty.com\" \/>\n<meta property=\"og:description\" content=\"Informaci\u00f3n legal 1. Informaci\u00f3n legal De conformidad con las disposiciones de los art\u00edculos 6-III y 19 de la Ley francesa sobre la confianza en la econom\u00eda digital, te informamos de que este sitio web est\u00e1 alojado en : OVH SAS con un capital de 10.069.020 euros RCS Lille M\u00e9tropole 424 761 419 00045 C\u00f3digo APE [&hellip;]\" \/>\n<meta property=\"og:url\" content=\"https:\/\/mythosiabeauty.com\/es\/informacion-legal\/\" \/>\n<meta property=\"og:site_name\" content=\"Mythosia Beauty.com\" \/>\n<meta property=\"article:modified_time\" content=\"2026-04-01T11:49:13+00:00\" \/>\n<meta name=\"twitter:card\" content=\"summary_large_image\" \/>\n<meta name=\"twitter:label1\" content=\"Tiempo de lectura\" \/>\n\t<meta name=\"twitter:data1\" content=\"2 minutos\" \/>\n<script type=\"application\/ld+json\" class=\"yoast-schema-graph\">{\"@context\":\"https:\/\/schema.org\",\"@graph\":[{\"@type\":\"WebPage\",\"@id\":\"https:\/\/mythosiabeauty.com\/es\/informacion-legal\/\",\"url\":\"https:\/\/mythosiabeauty.com\/es\/informacion-legal\/\",\"name\":\"Informaci\u00f3n legal - Mythosia Beauty.com\",\"isPartOf\":{\"@id\":\"https:\/\/mythosiabeauty.com\/es\/#website\"},\"datePublished\":\"2025-04-03T13:36:39+00:00\",\"dateModified\":\"2026-04-01T11:49:13+00:00\",\"breadcrumb\":{\"@id\":\"https:\/\/mythosiabeauty.com\/es\/informacion-legal\/#breadcrumb\"},\"inLanguage\":\"es\",\"potentialAction\":[{\"@type\":\"ReadAction\",\"target\":[\"https:\/\/mythosiabeauty.com\/es\/informacion-legal\/\"]}]},{\"@type\":\"BreadcrumbList\",\"@id\":\"https:\/\/mythosiabeauty.com\/es\/informacion-legal\/#breadcrumb\",\"itemListElement\":[{\"@type\":\"ListItem\",\"position\":1,\"name\":\"Accueil\",\"item\":\"https:\/\/mythosiabeauty.com\/es\/la-belleza-de-mythosia\/\"},{\"@type\":\"ListItem\",\"position\":2,\"name\":\"Informaci\u00f3n legal\"}]},{\"@type\":\"WebSite\",\"@id\":\"https:\/\/mythosiabeauty.com\/es\/#website\",\"url\":\"https:\/\/mythosiabeauty.com\/es\/\",\"name\":\"Mythosia Beauty.com\",\"description\":\"\",\"publisher\":{\"@id\":\"https:\/\/mythosiabeauty.com\/es\/#organization\"},\"potentialAction\":[{\"@type\":\"SearchAction\",\"target\":{\"@type\":\"EntryPoint\",\"urlTemplate\":\"https:\/\/mythosiabeauty.com\/es\/?s={search_term_string}\"},\"query-input\":{\"@type\":\"PropertyValueSpecification\",\"valueRequired\":true,\"valueName\":\"search_term_string\"}}],\"inLanguage\":\"es\"},{\"@type\":\"Organization\",\"@id\":\"https:\/\/mythosiabeauty.com\/es\/#organization\",\"name\":\"Mythosia Beauty.com\",\"url\":\"https:\/\/mythosiabeauty.com\/es\/\",\"logo\":{\"@type\":\"ImageObject\",\"inLanguage\":\"es\",\"@id\":\"https:\/\/mythosiabeauty.com\/es\/#\/schema\/logo\/image\/\",\"url\":\"https:\/\/mythosiabeauty.com\/wp-content\/uploads\/2025\/04\/cropped-cropped-cropped-cropped-cropped-Icon.png\",\"contentUrl\":\"https:\/\/mythosiabeauty.com\/wp-content\/uploads\/2025\/04\/cropped-cropped-cropped-cropped-cropped-Icon.png\",\"width\":136,\"height\":177,\"caption\":\"Mythosia Beauty.com\"},\"image\":{\"@id\":\"https:\/\/mythosiabeauty.com\/es\/#\/schema\/logo\/image\/\"}}]}<\/script>\n<!-- \/ Yoast SEO plugin. -->","yoast_head_json":{"title":"Informaci\u00f3n legal - Mythosia Beauty.com","robots":{"index":"noindex","follow":"nofollow"},"og_locale":"es_ES","og_type":"article","og_title":"Informaci\u00f3n legal - Mythosia Beauty.com","og_description":"Informaci\u00f3n legal 1. Informaci\u00f3n legal De conformidad con las disposiciones de los art\u00edculos 6-III y 19 de la Ley francesa sobre la confianza en la econom\u00eda digital, te informamos de que este sitio web est\u00e1 alojado en : OVH SAS con un capital de 10.069.020 euros RCS Lille M\u00e9tropole 424 761 419 00045 C\u00f3digo APE [&hellip;]","og_url":"https:\/\/mythosiabeauty.com\/es\/informacion-legal\/","og_site_name":"Mythosia Beauty.com","article_modified_time":"2026-04-01T11:49:13+00:00","twitter_card":"summary_large_image","twitter_misc":{"Tiempo de lectura":"2 minutos"},"schema":{"@context":"https:\/\/schema.org","@graph":[{"@type":"WebPage","@id":"https:\/\/mythosiabeauty.com\/es\/informacion-legal\/","url":"https:\/\/mythosiabeauty.com\/es\/informacion-legal\/","name":"Informaci\u00f3n legal - Mythosia Beauty.com","isPartOf":{"@id":"https:\/\/mythosiabeauty.com\/es\/#website"},"datePublished":"2025-04-03T13:36:39+00:00","dateModified":"2026-04-01T11:49:13+00:00","breadcrumb":{"@id":"https:\/\/mythosiabeauty.com\/es\/informacion-legal\/#breadcrumb"},"inLanguage":"es","potentialAction":[{"@type":"ReadAction","target":["https:\/\/mythosiabeauty.com\/es\/informacion-legal\/"]}]},{"@type":"BreadcrumbList","@id":"https:\/\/mythosiabeauty.com\/es\/informacion-legal\/#breadcrumb","itemListElement":[{"@type":"ListItem","position":1,"name":"Accueil","item":"https:\/\/mythosiabeauty.com\/es\/la-belleza-de-mythosia\/"},{"@type":"ListItem","position":2,"name":"Informaci\u00f3n legal"}]},{"@type":"WebSite","@id":"https:\/\/mythosiabeauty.com\/es\/#website","url":"https:\/\/mythosiabeauty.com\/es\/","name":"Mythosia Beauty.com","description":"","publisher":{"@id":"https:\/\/mythosiabeauty.com\/es\/#organization"},"potentialAction":[{"@type":"SearchAction","target":{"@type":"EntryPoint","urlTemplate":"https:\/\/mythosiabeauty.com\/es\/?s={search_term_string}"},"query-input":{"@type":"PropertyValueSpecification","valueRequired":true,"valueName":"search_term_string"}}],"inLanguage":"es"},{"@type":"Organization","@id":"https:\/\/mythosiabeauty.com\/es\/#organization","name":"Mythosia Beauty.com","url":"https:\/\/mythosiabeauty.com\/es\/","logo":{"@type":"ImageObject","inLanguage":"es","@id":"https:\/\/mythosiabeauty.com\/es\/#\/schema\/logo\/image\/","url":"https:\/\/mythosiabeauty.com\/wp-content\/uploads\/2025\/04\/cropped-cropped-cropped-cropped-cropped-Icon.png","contentUrl":"https:\/\/mythosiabeauty.com\/wp-content\/uploads\/2025\/04\/cropped-cropped-cropped-cropped-cropped-Icon.png","width":136,"height":177,"caption":"Mythosia Beauty.com"},"image":{"@id":"https:\/\/mythosiabeauty.com\/es\/#\/schema\/logo\/image\/"}}]}},"_links":{"self":[{"href":"https:\/\/mythosiabeauty.com\/es\/wp-json\/wp\/v2\/pages\/503","targetHints":{"allow":["GET"]}}],"collection":[{"href":"https:\/\/mythosiabeauty.com\/es\/wp-json\/wp\/v2\/pages"}],"about":[{"href":"https:\/\/mythosiabeauty.com\/es\/wp-json\/wp\/v2\/types\/page"}],"author":[{"embeddable":true,"href":"https:\/\/mythosiabeauty.com\/es\/wp-json\/wp\/v2\/users\/2"}],"replies":[{"embeddable":true,"href":"https:\/\/mythosiabeauty.com\/es\/wp-json\/wp\/v2\/comments?post=503"}],"version-history":[{"count":1,"href":"https:\/\/mythosiabeauty.com\/es\/wp-json\/wp\/v2\/pages\/503\/revisions"}],"predecessor-version":[{"id":508,"href":"https:\/\/mythosiabeauty.com\/es\/wp-json\/wp\/v2\/pages\/503\/revisions\/508"}],"wp:attachment":[{"href":"https:\/\/mythosiabeauty.com\/es\/wp-json\/wp\/v2\/media?parent=503"}],"curies":[{"name":"wp","href":"https:\/\/api.w.org\/{rel}","templated":true}]}}